{"id":1651,"date":"2021-10-22T15:07:09","date_gmt":"2021-10-22T15:07:09","guid":{"rendered":"https:\/\/mdci.dental\/it\/?page_id=1651"},"modified":"2021-11-28T10:01:05","modified_gmt":"2021-11-28T10:01:05","slug":"covid-test","status":"publish","type":"page","link":"https:\/\/mdci.dental\/it\/covid-test\/","title":{"rendered":"COVID Test"},"content":{"rendered":"\t\t<div data-elementor-type=\"wp-page\" data-elementor-id=\"1651\" class=\"elementor elementor-1651\">\n\t\t\t\t\t\t<section class=\"elementor-section elementor-top-section elementor-element elementor-element-72b0c5d elementor-section-height-min-height elementor-section-boxed elementor-section-height-default elementor-section-items-middle\" data-id=\"72b0c5d\" data-element_type=\"section\" data-settings=\"{&quot;background_background&quot;:&quot;classic&quot;}\">\n\t\t\t\t\t\t\t<div class=\"elementor-background-overlay\"><\/div>\n\t\t\t\t\t\t\t<div class=\"elementor-container elementor-column-gap-default\">\n\t\t\t\t\t<div class=\"elementor-column elementor-col-100 elementor-top-column elementor-element elementor-element-317e6c1\" data-id=\"317e6c1\" data-element_type=\"column\">\n\t\t\t<div class=\"elementor-widget-wrap elementor-element-populated\">\n\t\t\t\t\t\t<div class=\"elementor-element elementor-element-85105d3 elementor-widget elementor-widget-heading\" data-id=\"85105d3\" data-element_type=\"widget\" data-widget_type=\"heading.default\">\n\t\t\t\t<div class=\"elementor-widget-container\">\n\t\t\t\t\t<h2 class=\"elementor-heading-title elementor-size-default\">Centro di prova covid<\/h2>\t\t\t\t<\/div>\n\t\t\t\t<\/div>\n\t\t\t\t<div class=\"elementor-element elementor-element-a521cce elementor-widget elementor-widget-spacer\" data-id=\"a521cce\" data-element_type=\"widget\" data-widget_type=\"spacer.default\">\n\t\t\t\t<div class=\"elementor-widget-container\">\n\t\t\t\t\t\t\t<div class=\"elementor-spacer\">\n\t\t\t<div class=\"elementor-spacer-inner\"><\/div>\n\t\t<\/div>\n\t\t\t\t\t\t<\/div>\n\t\t\t\t<\/div>\n\t\t\t\t<div class=\"elementor-element elementor-element-3c06024 elementor-widget elementor-widget-spacer\" data-id=\"3c06024\" data-element_type=\"widget\" data-widget_type=\"spacer.default\">\n\t\t\t\t<div class=\"elementor-widget-container\">\n\t\t\t\t\t\t\t<div class=\"elementor-spacer\">\n\t\t\t<div class=\"elementor-spacer-inner\"><\/div>\n\t\t<\/div>\n\t\t\t\t\t\t<\/div>\n\t\t\t\t<\/div>\n\t\t\t\t\t<\/div>\n\t\t<\/div>\n\t\t\t\t\t<\/div>\n\t\t<\/section>\n\t\t\t\t<section class=\"elementor-section elementor-top-section elementor-element elementor-element-ada6d0b elementor-section-boxed elementor-section-height-default elementor-section-height-default\" data-id=\"ada6d0b\" data-element_type=\"section\">\n\t\t\t\t\t\t<div class=\"elementor-container elementor-column-gap-default\">\n\t\t\t\t\t<div class=\"elementor-column elementor-col-100 elementor-top-column elementor-element elementor-element-cd2a2fc\" data-id=\"cd2a2fc\" data-element_type=\"column\">\n\t\t\t<div class=\"elementor-widget-wrap elementor-element-populated\">\n\t\t\t\t\t\t<div class=\"elementor-element elementor-element-638f46b elementor-widget elementor-widget-spacer\" data-id=\"638f46b\" data-element_type=\"widget\" data-widget_type=\"spacer.default\">\n\t\t\t\t<div class=\"elementor-widget-container\">\n\t\t\t\t\t\t\t<div class=\"elementor-spacer\">\n\t\t\t<div class=\"elementor-spacer-inner\"><\/div>\n\t\t<\/div>\n\t\t\t\t\t\t<\/div>\n\t\t\t\t<\/div>\n\t\t\t\t<div class=\"elementor-element elementor-element-426dba4 elementor-widget elementor-widget-text-editor\" data-id=\"426dba4\" data-element_type=\"widget\" data-widget_type=\"text-editor.default\">\n\t\t\t\t<div class=\"elementor-widget-container\">\n\t\t\t\t\t\t\t\t\t<p style=\"text-align: center;\"><strong>Cari pazienti del Centro Dentale Matell di Vodice e tutti i cittadini che hanno bisogno di un passaporto COVID-19 o di un certificato PCR.<\/strong><br \/><strong>Puoi fare il TEST alla clinica<\/strong><\/p><p style=\"text-align: center;\">luned\u00ec 8-20h<br \/>marted\u00ec 15-20h<br \/>mercoled\u00ec 8-20h<br \/>gioved\u00ec 15-20h<br \/>venerd\u00ec 8-20h<br \/>sabato 8-13h<\/p><p style=\"text-align: center;\"><br \/>e marted\u00ec, gioved\u00ec e venerd\u00ec dalle 8:00 alle 13:00 (test PCR).<\/p><p style=\"text-align: center;\"><strong>Se sei un organizzatore di una festa, un seminario, un congresso, un matrimonio o qualsiasi altra occasione e vuoi offrire dei test,<\/strong> non esitate a contattarci allo 091 444 9311 per organizzare il luogo e l&#8217;ora del tuo test. <strong>In consultazione con voi, condurremo i test per voi.<\/strong><\/p><p style=\"text-align: center;\">Non esitate a contattarci per ulteriori informazioni.<\/p><p style=\"text-align: center;\"><strong>Per essere testato, \u00e8 necesario compilare un modulo di test il giorno del test.<\/strong><\/p>\t\t\t\t\t\t\t\t<\/div>\n\t\t\t\t<\/div>\n\t\t\t\t<div class=\"elementor-element elementor-element-efbb3b5 elementor-widget elementor-widget-spacer\" data-id=\"efbb3b5\" data-element_type=\"widget\" data-widget_type=\"spacer.default\">\n\t\t\t\t<div class=\"elementor-widget-container\">\n\t\t\t\t\t\t\t<div class=\"elementor-spacer\">\n\t\t\t<div class=\"elementor-spacer-inner\"><\/div>\n\t\t<\/div>\n\t\t\t\t\t\t<\/div>\n\t\t\t\t<\/div>\n\t\t\t\t\t<\/div>\n\t\t<\/div>\n\t\t\t\t\t<\/div>\n\t\t<\/section>\n\t\t\t\t<section class=\"elementor-section elementor-top-section elementor-element elementor-element-6c7c753 elementor-section-boxed elementor-section-height-default elementor-section-height-default\" data-id=\"6c7c753\" data-element_type=\"section\">\n\t\t\t\t\t\t<div class=\"elementor-container elementor-column-gap-default\">\n\t\t\t\t\t<div class=\"elementor-column elementor-col-50 elementor-top-column elementor-element elementor-element-70dcfcf\" data-id=\"70dcfcf\" data-element_type=\"column\">\n\t\t\t<div class=\"elementor-widget-wrap elementor-element-populated\">\n\t\t\t\t\t\t<div class=\"elementor-element elementor-element-a310283 elementor-widget elementor-widget-image\" data-id=\"a310283\" data-element_type=\"widget\" data-widget_type=\"image.default\">\n\t\t\t\t<div class=\"elementor-widget-container\">\n\t\t\t\t\t\t\t\t\t\t\t\t\t\t\t<img fetchpriority=\"high\" decoding=\"async\" width=\"800\" height=\"600\" src=\"https:\/\/mdci.dental\/it\/wp-content\/uploads\/sites\/4\/2021\/10\/covid-potvrda.jpg\" class=\"attachment-large size-large wp-image-1652\" alt=\"\" srcset=\"https:\/\/mdci.dental\/it\/wp-content\/uploads\/sites\/4\/2021\/10\/covid-potvrda.jpg 800w, https:\/\/mdci.dental\/it\/wp-content\/uploads\/sites\/4\/2021\/10\/covid-potvrda-300x225.jpg 300w, https:\/\/mdci.dental\/it\/wp-content\/uploads\/sites\/4\/2021\/10\/covid-potvrda-768x576.jpg 768w\" sizes=\"(max-width: 800px) 100vw, 800px\" \/>\t\t\t\t\t\t\t\t\t\t\t\t\t\t\t<\/div>\n\t\t\t\t<\/div>\n\t\t\t\t\t<\/div>\n\t\t<\/div>\n\t\t\t\t<div class=\"elementor-column elementor-col-50 elementor-top-column elementor-element elementor-element-cdddf5a\" data-id=\"cdddf5a\" data-element_type=\"column\">\n\t\t\t<div class=\"elementor-widget-wrap elementor-element-populated\">\n\t\t\t\t\t\t<div class=\"elementor-element elementor-element-4019206 elementor-widget elementor-widget-text-editor\" data-id=\"4019206\" data-element_type=\"widget\" data-widget_type=\"text-editor.default\">\n\t\t\t\t<div class=\"elementor-widget-container\">\n\t\t\t\t\t\t\t\t\t<p>Si prega di cliccare sul modulo di test il giorno del test e di inserire i vostri dati qui.<\/p>\t\t\t\t\t\t\t\t<\/div>\n\t\t\t\t<\/div>\n\t\t\t\t<div class=\"elementor-element elementor-element-fcf5ae4 elementor-widget elementor-widget-button\" data-id=\"fcf5ae4\" data-element_type=\"widget\" data-widget_type=\"button.default\">\n\t\t\t\t<div class=\"elementor-widget-container\">\n\t\t\t\t\t\t\t\t\t<div class=\"elementor-button-wrapper\">\n\t\t\t\t\t<a class=\"elementor-button elementor-button-link elementor-size-lg\" href=\"https:\/\/rebrand.ly\/e77sff5\">\n\t\t\t\t\t\t<span class=\"elementor-button-content-wrapper\">\n\t\t\t\t\t\t\t\t\t<span class=\"elementor-button-text\">Applicazione TEST ANTIGENE<\/span>\n\t\t\t\t\t<\/span>\n\t\t\t\t\t<\/a>\n\t\t\t\t<\/div>\n\t\t\t\t\t\t\t\t<\/div>\n\t\t\t\t<\/div>\n\t\t\t\t<div class=\"elementor-element elementor-element-9d790c6 elementor-widget elementor-widget-button\" data-id=\"9d790c6\" data-element_type=\"widget\" data-widget_type=\"button.default\">\n\t\t\t\t<div class=\"elementor-widget-container\">\n\t\t\t\t\t\t\t\t\t<div class=\"elementor-button-wrapper\">\n\t\t\t\t\t<a class=\"elementor-button elementor-button-link elementor-size-lg\" href=\"https:\/\/rebrand.ly\/0edwiwm\">\n\t\t\t\t\t\t<span class=\"elementor-button-content-wrapper\">\n\t\t\t\t\t\t\t\t\t<span class=\"elementor-button-text\">Applicazione TEST PCR<\/span>\n\t\t\t\t\t<\/span>\n\t\t\t\t\t<\/a>\n\t\t\t\t<\/div>\n\t\t\t\t\t\t\t\t<\/div>\n\t\t\t\t<\/div>\n\t\t\t\t<div class=\"elementor-element elementor-element-55a3ea0 elementor-widget elementor-widget-text-editor\" data-id=\"55a3ea0\" data-element_type=\"widget\" data-widget_type=\"text-editor.default\">\n\t\t\t\t<div class=\"elementor-widget-container\">\n\t\t\t\t\t\t\t\t\t<p>Il passaporto Covid-19 ti sar\u00e0 inviato per email dopo il test.<\/p>\t\t\t\t\t\t\t\t<\/div>\n\t\t\t\t<\/div>\n\t\t\t\t\t<\/div>\n\t\t<\/div>\n\t\t\t\t\t<\/div>\n\t\t<\/section>\n\t\t\t\t<section class=\"elementor-section elementor-top-section elementor-element elementor-element-3704689 elementor-section-boxed elementor-section-height-default elementor-section-height-default\" data-id=\"3704689\" data-element_type=\"section\">\n\t\t\t\t\t\t<div class=\"elementor-container elementor-column-gap-default\">\n\t\t\t\t\t<div class=\"elementor-column elementor-col-100 elementor-top-column elementor-element elementor-element-0ec24ba\" data-id=\"0ec24ba\" data-element_type=\"column\">\n\t\t\t<div class=\"elementor-widget-wrap elementor-element-populated\">\n\t\t\t\t\t\t<div class=\"elementor-element elementor-element-d478e5d elementor-widget elementor-widget-spacer\" data-id=\"d478e5d\" data-element_type=\"widget\" data-widget_type=\"spacer.default\">\n\t\t\t\t<div class=\"elementor-widget-container\">\n\t\t\t\t\t\t\t<div class=\"elementor-spacer\">\n\t\t\t<div class=\"elementor-spacer-inner\"><\/div>\n\t\t<\/div>\n\t\t\t\t\t\t<\/div>\n\t\t\t\t<\/div>\n\t\t\t\t\t<\/div>\n\t\t<\/div>\n\t\t\t\t\t<\/div>\n\t\t<\/section>\n\t\t\t\t<section class=\"elementor-section elementor-top-section elementor-element elementor-element-e8d8f66 elementor-section-boxed elementor-section-height-default elementor-section-height-default\" data-id=\"e8d8f66\" data-element_type=\"section\">\n\t\t\t\t\t\t<div class=\"elementor-container elementor-column-gap-default\">\n\t\t\t\t\t<div class=\"elementor-column elementor-col-100 elementor-top-column elementor-element elementor-element-bebf890\" data-id=\"bebf890\" data-element_type=\"column\">\n\t\t\t<div class=\"elementor-widget-wrap elementor-element-populated\">\n\t\t\t\t\t\t<div class=\"elementor-element elementor-element-b2c94bc elementor-widget elementor-widget-text-editor\" data-id=\"b2c94bc\" data-element_type=\"widget\" data-widget_type=\"text-editor.default\">\n\t\t\t\t<div class=\"elementor-widget-container\">\n\t\t\t\t\t\t\t\t\t<p style=\"text-align: center;\"><strong>MDC Investicije doo non \u00e8 responsabile per<\/strong> dati imprecisi, incompleti o inseriti in modo errato.<\/p><p style=\"text-align: center;\"><strong>Compilando il modulo<\/strong>, lei accetta che i suoi dati personali siano trattati solo allo scopo di testare la Sars-CoV-2 e rilasciare il relativo certificato, in conformit\u00e0 con il regolamento generale sulla protezione dei dati (GDPR).<\/p><p style=\"text-align: center;\"><br \/><strong>Se avete i sintomi tipici della SARS CoV-2: Febbre, tosse, difficolt\u00e0 di respirazione, mancanza dell&#8217;olfatto e del gusto, per favore NON ENTRARE IN CLINICA.<\/strong><br \/><strong>Contattate il vostro medico di famiglia per il test.<\/strong><\/p>\t\t\t\t\t\t\t\t<\/div>\n\t\t\t\t<\/div>\n\t\t\t\t<div class=\"elementor-element elementor-element-abeeb31 elementor-widget elementor-widget-spacer\" data-id=\"abeeb31\" data-element_type=\"widget\" data-widget_type=\"spacer.default\">\n\t\t\t\t<div class=\"elementor-widget-container\">\n\t\t\t\t\t\t\t<div class=\"elementor-spacer\">\n\t\t\t<div class=\"elementor-spacer-inner\"><\/div>\n\t\t<\/div>\n\t\t\t\t\t\t<\/div>\n\t\t\t\t<\/div>\n\t\t\t\t\t<\/div>\n\t\t<\/div>\n\t\t\t\t\t<\/div>\n\t\t<\/section>\n\t\t\t\t<\/div>\n\t\t","protected":false},"excerpt":{"rendered":"<p>Centro di prova covid Cari pazienti del Centro Dentale Matell di Vodice e tutti i cittadini che hanno bisogno di un passaporto COVID-19 o di un certificato PCR.Puoi fare il TEST alla clinica luned\u00ec 8-20hmarted\u00ec 15-20hmercoled\u00ec 8-20hgioved\u00ec 15-20hvenerd\u00ec 8-20hsabato 8-13h e marted\u00ec, gioved\u00ec e venerd\u00ec dalle 8:00 alle 13:00 (test PCR). Se sei un organizzatore [&hellip;]<\/p>\n","protected":false},"author":3,"featured_media":0,"parent":0,"menu_order":0,"comment_status":"closed","ping_status":"closed","template":"","meta":{"site-sidebar-layout":"no-sidebar","site-content-layout":"page-builder","ast-site-content-layout":"default","site-content-style":"default","site-sidebar-style":"default","ast-global-header-display":"","ast-banner-title-visibility":"","ast-main-header-display":"","ast-hfb-above-header-display":"","ast-hfb-below-header-display":"","ast-hfb-mobile-header-display":"","site-post-title":"disabled","ast-breadcrumbs-content":"","ast-featured-img":"disabled","footer-sml-layout":"","ast-disable-related-posts":"","theme-transparent-header-meta":"","adv-header-id-meta":"","stick-header-meta":"","header-above-stick-meta":"","header-main-stick-meta":"","header-below-stick-meta":"","astra-migrate-meta-layouts":"default","ast-page-background-enabled":"default","ast-page-background-meta":{"desktop":{"background-color":"","background-image":"","background-repeat":"repeat","background-position":"center center","background-size":"auto","background-attachment":"scroll","background-type":"","background-media":"","overlay-type":"","overlay-color":"","overlay-opacity":"","overlay-gradient":""},"tablet":{"background-color":"","background-image":"","background-repeat":"repeat","background-position":"center center","background-size":"auto","background-attachment":"scroll","background-type":"","background-media":"","overlay-type":"","overlay-color":"","overlay-opacity":"","overlay-gradient":""},"mobile":{"background-color":"","background-image":"","background-repeat":"repeat","background-position":"center center","background-size":"auto","background-attachment":"scroll","background-type":"","background-media":"","overlay-type":"","overlay-color":"","overlay-opacity":"","overlay-gradient":""}},"ast-content-background-meta":{"desktop":{"background-color":"var(--ast-global-color-5)","background-image":"","background-repeat":"repeat","background-position":"center center","background-size":"auto","background-attachment":"scroll","background-type":"","background-media":"","overlay-type":"","overlay-color":"","overlay-opacity":"","overlay-gradient":""},"tablet":{"background-color":"var(--ast-global-color-5)","background-image":"","background-repeat":"repeat","background-position":"center center","background-size":"auto","background-attachment":"scroll","background-type":"","background-media":"","overlay-type":"","overlay-color":"","overlay-opacity":"","overlay-gradient":""},"mobile":{"background-color":"var(--ast-global-color-5)","background-image":"","background-repeat":"repeat","background-position":"center center","background-size":"auto","background-attachment":"scroll","background-type":"","background-media":"","overlay-type":"","overlay-color":"","overlay-opacity":"","overlay-gradient":""}},"footnotes":""},"yoast_head":"<!-- This site is optimized with the Yoast SEO plugin v23.5 - https:\/\/yoast.com\/wordpress\/plugins\/seo\/ -->\n<title>COVID Test - MDCI Itallian<\/title>\n<meta name=\"robots\" content=\"index, follow, max-snippet:-1, max-image-preview:large, max-video-preview:-1\" \/>\n<link rel=\"canonical\" href=\"https:\/\/mdci.dental\/it\/covid-test\/\" \/>\n<meta property=\"og:locale\" content=\"en_US\" \/>\n<meta property=\"og:type\" content=\"article\" \/>\n<meta property=\"og:title\" content=\"COVID Test - MDCI Itallian\" \/>\n<meta property=\"og:description\" content=\"Centro di prova covid Cari pazienti del Centro Dentale Matell di Vodice e tutti i cittadini che hanno bisogno di un passaporto COVID-19 o di un certificato PCR.Puoi fare il TEST alla clinica luned\u00ec 8-20hmarted\u00ec 15-20hmercoled\u00ec 8-20hgioved\u00ec 15-20hvenerd\u00ec 8-20hsabato 8-13h e marted\u00ec, gioved\u00ec e venerd\u00ec dalle 8:00 alle 13:00 (test PCR). Se sei un organizzatore [&hellip;]\" \/>\n<meta property=\"og:url\" content=\"https:\/\/mdci.dental\/it\/covid-test\/\" \/>\n<meta property=\"og:site_name\" content=\"MDCI Itallian\" \/>\n<meta property=\"article:modified_time\" content=\"2021-11-28T10:01:05+00:00\" \/>\n<meta property=\"og:image\" content=\"https:\/\/mdci.dental\/it\/wp-content\/uploads\/sites\/4\/2021\/10\/covid-potvrda.jpg\" \/>\n<meta name=\"twitter:card\" content=\"summary_large_image\" \/>\n<meta name=\"twitter:label1\" content=\"Est. reading time\" \/>\n\t<meta name=\"twitter:data1\" content=\"2 minutes\" \/>\n<script type=\"application\/ld+json\" class=\"yoast-schema-graph\">{\"@context\":\"https:\/\/schema.org\",\"@graph\":[{\"@type\":\"WebPage\",\"@id\":\"https:\/\/mdci.dental\/it\/covid-test\/\",\"url\":\"https:\/\/mdci.dental\/it\/covid-test\/\",\"name\":\"COVID Test - MDCI Itallian\",\"isPartOf\":{\"@id\":\"https:\/\/mdci.dental\/it\/#website\"},\"primaryImageOfPage\":{\"@id\":\"https:\/\/mdci.dental\/it\/covid-test\/#primaryimage\"},\"image\":{\"@id\":\"https:\/\/mdci.dental\/it\/covid-test\/#primaryimage\"},\"thumbnailUrl\":\"https:\/\/mdci.dental\/it\/wp-content\/uploads\/sites\/4\/2021\/10\/covid-potvrda.jpg\",\"datePublished\":\"2021-10-22T15:07:09+00:00\",\"dateModified\":\"2021-11-28T10:01:05+00:00\",\"breadcrumb\":{\"@id\":\"https:\/\/mdci.dental\/it\/covid-test\/#breadcrumb\"},\"inLanguage\":\"en-US\",\"potentialAction\":[{\"@type\":\"ReadAction\",\"target\":[\"https:\/\/mdci.dental\/it\/covid-test\/\"]}]},{\"@type\":\"ImageObject\",\"inLanguage\":\"en-US\",\"@id\":\"https:\/\/mdci.dental\/it\/covid-test\/#primaryimage\",\"url\":\"https:\/\/mdci.dental\/it\/wp-content\/uploads\/sites\/4\/2021\/10\/covid-potvrda.jpg\",\"contentUrl\":\"https:\/\/mdci.dental\/it\/wp-content\/uploads\/sites\/4\/2021\/10\/covid-potvrda.jpg\",\"width\":800,\"height\":600},{\"@type\":\"BreadcrumbList\",\"@id\":\"https:\/\/mdci.dental\/it\/covid-test\/#breadcrumb\",\"itemListElement\":[{\"@type\":\"ListItem\",\"position\":1,\"name\":\"Home\",\"item\":\"https:\/\/mdci.dental\/it\/\"},{\"@type\":\"ListItem\",\"position\":2,\"name\":\"COVID Test\"}]},{\"@type\":\"WebSite\",\"@id\":\"https:\/\/mdci.dental\/it\/#website\",\"url\":\"https:\/\/mdci.dental\/it\/\",\"name\":\"MDCI Itallian\",\"description\":\"Matell Medical Dental Centar\",\"publisher\":{\"@id\":\"https:\/\/mdci.dental\/it\/#organization\"},\"potentialAction\":[{\"@type\":\"SearchAction\",\"target\":{\"@type\":\"EntryPoint\",\"urlTemplate\":\"https:\/\/mdci.dental\/it\/?s={search_term_string}\"},\"query-input\":{\"@type\":\"PropertyValueSpecification\",\"valueRequired\":true,\"valueName\":\"search_term_string\"}}],\"inLanguage\":\"en-US\"},{\"@type\":\"Organization\",\"@id\":\"https:\/\/mdci.dental\/it\/#organization\",\"name\":\"MDCI Itallian\",\"url\":\"https:\/\/mdci.dental\/it\/\",\"logo\":{\"@type\":\"ImageObject\",\"inLanguage\":\"en-US\",\"@id\":\"https:\/\/mdci.dental\/it\/#\/schema\/logo\/image\/\",\"url\":\"https:\/\/mdci.dental\/it\/wp-content\/uploads\/sites\/4\/2019\/05\/cropped-logo-1.png\",\"contentUrl\":\"https:\/\/mdci.dental\/it\/wp-content\/uploads\/sites\/4\/2019\/05\/cropped-logo-1.png\",\"width\":161,\"height\":99,\"caption\":\"MDCI Itallian\"},\"image\":{\"@id\":\"https:\/\/mdci.dental\/it\/#\/schema\/logo\/image\/\"}}]}<\/script>\n<!-- \/ Yoast SEO plugin. -->","yoast_head_json":{"title":"COVID Test - MDCI Itallian","robots":{"index":"index","follow":"follow","max-snippet":"max-snippet:-1","max-image-preview":"max-image-preview:large","max-video-preview":"max-video-preview:-1"},"canonical":"https:\/\/mdci.dental\/it\/covid-test\/","og_locale":"en_US","og_type":"article","og_title":"COVID Test - MDCI Itallian","og_description":"Centro di prova covid Cari pazienti del Centro Dentale Matell di Vodice e tutti i cittadini che hanno bisogno di un passaporto COVID-19 o di un certificato PCR.Puoi fare il TEST alla clinica luned\u00ec 8-20hmarted\u00ec 15-20hmercoled\u00ec 8-20hgioved\u00ec 15-20hvenerd\u00ec 8-20hsabato 8-13h e marted\u00ec, gioved\u00ec e venerd\u00ec dalle 8:00 alle 13:00 (test PCR). Se sei un organizzatore [&hellip;]","og_url":"https:\/\/mdci.dental\/it\/covid-test\/","og_site_name":"MDCI Itallian","article_modified_time":"2021-11-28T10:01:05+00:00","og_image":[{"url":"https:\/\/mdci.dental\/it\/wp-content\/uploads\/sites\/4\/2021\/10\/covid-potvrda.jpg"}],"twitter_card":"summary_large_image","twitter_misc":{"Est. reading time":"2 minutes"},"schema":{"@context":"https:\/\/schema.org","@graph":[{"@type":"WebPage","@id":"https:\/\/mdci.dental\/it\/covid-test\/","url":"https:\/\/mdci.dental\/it\/covid-test\/","name":"COVID Test - MDCI Itallian","isPartOf":{"@id":"https:\/\/mdci.dental\/it\/#website"},"primaryImageOfPage":{"@id":"https:\/\/mdci.dental\/it\/covid-test\/#primaryimage"},"image":{"@id":"https:\/\/mdci.dental\/it\/covid-test\/#primaryimage"},"thumbnailUrl":"https:\/\/mdci.dental\/it\/wp-content\/uploads\/sites\/4\/2021\/10\/covid-potvrda.jpg","datePublished":"2021-10-22T15:07:09+00:00","dateModified":"2021-11-28T10:01:05+00:00","breadcrumb":{"@id":"https:\/\/mdci.dental\/it\/covid-test\/#breadcrumb"},"inLanguage":"en-US","potentialAction":[{"@type":"ReadAction","target":["https:\/\/mdci.dental\/it\/covid-test\/"]}]},{"@type":"ImageObject","inLanguage":"en-US","@id":"https:\/\/mdci.dental\/it\/covid-test\/#primaryimage","url":"https:\/\/mdci.dental\/it\/wp-content\/uploads\/sites\/4\/2021\/10\/covid-potvrda.jpg","contentUrl":"https:\/\/mdci.dental\/it\/wp-content\/uploads\/sites\/4\/2021\/10\/covid-potvrda.jpg","width":800,"height":600},{"@type":"BreadcrumbList","@id":"https:\/\/mdci.dental\/it\/covid-test\/#breadcrumb","itemListElement":[{"@type":"ListItem","position":1,"name":"Home","item":"https:\/\/mdci.dental\/it\/"},{"@type":"ListItem","position":2,"name":"COVID Test"}]},{"@type":"WebSite","@id":"https:\/\/mdci.dental\/it\/#website","url":"https:\/\/mdci.dental\/it\/","name":"MDCI Itallian","description":"Matell Medical Dental Centar","publisher":{"@id":"https:\/\/mdci.dental\/it\/#organization"},"potentialAction":[{"@type":"SearchAction","target":{"@type":"EntryPoint","urlTemplate":"https:\/\/mdci.dental\/it\/?s={search_term_string}"},"query-input":{"@type":"PropertyValueSpecification","valueRequired":true,"valueName":"search_term_string"}}],"inLanguage":"en-US"},{"@type":"Organization","@id":"https:\/\/mdci.dental\/it\/#organization","name":"MDCI Itallian","url":"https:\/\/mdci.dental\/it\/","logo":{"@type":"ImageObject","inLanguage":"en-US","@id":"https:\/\/mdci.dental\/it\/#\/schema\/logo\/image\/","url":"https:\/\/mdci.dental\/it\/wp-content\/uploads\/sites\/4\/2019\/05\/cropped-logo-1.png","contentUrl":"https:\/\/mdci.dental\/it\/wp-content\/uploads\/sites\/4\/2019\/05\/cropped-logo-1.png","width":161,"height":99,"caption":"MDCI Itallian"},"image":{"@id":"https:\/\/mdci.dental\/it\/#\/schema\/logo\/image\/"}}]}},"_links":{"self":[{"href":"https:\/\/mdci.dental\/it\/wp-json\/wp\/v2\/pages\/1651"}],"collection":[{"href":"https:\/\/mdci.dental\/it\/wp-json\/wp\/v2\/pages"}],"about":[{"href":"https:\/\/mdci.dental\/it\/wp-json\/wp\/v2\/types\/page"}],"author":[{"embeddable":true,"href":"https:\/\/mdci.dental\/it\/wp-json\/wp\/v2\/users\/3"}],"replies":[{"embeddable":true,"href":"https:\/\/mdci.dental\/it\/wp-json\/wp\/v2\/comments?post=1651"}],"version-history":[{"count":15,"href":"https:\/\/mdci.dental\/it\/wp-json\/wp\/v2\/pages\/1651\/revisions"}],"predecessor-version":[{"id":1670,"href":"https:\/\/mdci.dental\/it\/wp-json\/wp\/v2\/pages\/1651\/revisions\/1670"}],"wp:attachment":[{"href":"https:\/\/mdci.dental\/it\/wp-json\/wp\/v2\/media?parent=1651"}],"curies":[{"name":"wp","href":"https:\/\/api.w.org\/{rel}","templated":true}]}}