{"id":1694,"date":"2021-10-22T19:22:14","date_gmt":"2021-10-22T19:22:14","guid":{"rendered":"https:\/\/mdci.dental\/de\/?page_id=1694"},"modified":"2023-04-05T10:22:28","modified_gmt":"2023-04-05T10:22:28","slug":"testzentrum","status":"publish","type":"page","link":"https:\/\/mdci.dental\/de\/testzentrum\/","title":{"rendered":"Testzentrum"},"content":{"rendered":"\t\t<div data-elementor-type=\"wp-page\" data-elementor-id=\"1694\" class=\"elementor elementor-1694\">\n\t\t\t\t\t\t<section class=\"elementor-section elementor-top-section elementor-element elementor-element-e6ef463 elementor-section-height-min-height elementor-section-boxed elementor-section-height-default elementor-section-items-middle\" data-id=\"e6ef463\" data-element_type=\"section\" data-settings=\"{&quot;background_background&quot;:&quot;classic&quot;}\">\n\t\t\t\t\t\t\t<div class=\"elementor-background-overlay\"><\/div>\n\t\t\t\t\t\t\t<div class=\"elementor-container elementor-column-gap-default\">\n\t\t\t\t\t<div class=\"elementor-column elementor-col-100 elementor-top-column elementor-element elementor-element-9cc7c46\" data-id=\"9cc7c46\" data-element_type=\"column\">\n\t\t\t<div class=\"elementor-widget-wrap elementor-element-populated\">\n\t\t\t\t\t\t<div class=\"elementor-element elementor-element-f06df71 elementor-widget elementor-widget-heading\" data-id=\"f06df71\" data-element_type=\"widget\" data-widget_type=\"heading.default\">\n\t\t\t\t<div class=\"elementor-widget-container\">\n\t\t\t\t\t<h2 class=\"elementor-heading-title elementor-size-default\">COVID 19 Testzentrum<\/h2>\t\t\t\t<\/div>\n\t\t\t\t<\/div>\n\t\t\t\t<div class=\"elementor-element elementor-element-01344a6 elementor-widget elementor-widget-spacer\" data-id=\"01344a6\" data-element_type=\"widget\" data-widget_type=\"spacer.default\">\n\t\t\t\t<div class=\"elementor-widget-container\">\n\t\t\t\t\t\t\t<div class=\"elementor-spacer\">\n\t\t\t<div class=\"elementor-spacer-inner\"><\/div>\n\t\t<\/div>\n\t\t\t\t\t\t<\/div>\n\t\t\t\t<\/div>\n\t\t\t\t<div class=\"elementor-element elementor-element-7922b24 elementor-widget elementor-widget-spacer\" data-id=\"7922b24\" data-element_type=\"widget\" data-widget_type=\"spacer.default\">\n\t\t\t\t<div class=\"elementor-widget-container\">\n\t\t\t\t\t\t\t<div class=\"elementor-spacer\">\n\t\t\t<div class=\"elementor-spacer-inner\"><\/div>\n\t\t<\/div>\n\t\t\t\t\t\t<\/div>\n\t\t\t\t<\/div>\n\t\t\t\t\t<\/div>\n\t\t<\/div>\n\t\t\t\t\t<\/div>\n\t\t<\/section>\n\t\t\t\t<section class=\"elementor-section elementor-top-section elementor-element elementor-element-2dcdcd7 elementor-section-boxed elementor-section-height-default elementor-section-height-default\" data-id=\"2dcdcd7\" data-element_type=\"section\">\n\t\t\t\t\t\t<div class=\"elementor-container elementor-column-gap-default\">\n\t\t\t\t\t<div class=\"elementor-column elementor-col-100 elementor-top-column elementor-element elementor-element-995c5dd\" data-id=\"995c5dd\" data-element_type=\"column\">\n\t\t\t<div class=\"elementor-widget-wrap elementor-element-populated\">\n\t\t\t\t\t\t<div class=\"elementor-element elementor-element-bffd5ce elementor-widget elementor-widget-spacer\" data-id=\"bffd5ce\" data-element_type=\"widget\" data-widget_type=\"spacer.default\">\n\t\t\t\t<div class=\"elementor-widget-container\">\n\t\t\t\t\t\t\t<div class=\"elementor-spacer\">\n\t\t\t<div class=\"elementor-spacer-inner\"><\/div>\n\t\t<\/div>\n\t\t\t\t\t\t<\/div>\n\t\t\t\t<\/div>\n\t\t\t\t<div class=\"elementor-element elementor-element-727fc38 elementor-widget elementor-widget-text-editor\" data-id=\"727fc38\" data-element_type=\"widget\" data-widget_type=\"text-editor.default\">\n\t\t\t\t<div class=\"elementor-widget-container\">\n\t\t\t\t\t\t\t\t\t<p style=\"text-align: center;\"><strong>Liebe Patienten des Matell Dental Center aus Vodice,<\/strong><br \/><strong>sowie alle B\u00fcrger, die einen COVID-19 Pass oder eine PCR-Bescheinigung ben\u00f6tigen.<\/strong><\/p><p style=\"text-align: center;\">Sie k\u00f6nnen sich an folgenden Tagen <strong>auf COVID<\/strong> testen lassen:<\/p><p style=\"text-align: center;\">Montag 8-20h<br \/>Dienstag 15-20h<br \/>Mittwoch 8-20h<br \/>Donnerstag 15-20h<br \/>Freitag 8-20h<br \/>Samstag 8-13h<\/p><p style=\"text-align: center;\">und dienstags, donnerstags und freitags von 8 bis 13 Uhr (PCR-Test).<\/p><p style=\"text-align: center;\">\u00a0<strong>Wenn Sie als Veranstalter f\u00fcr eine Party, ein Seminar, einen Kongress, eine Hochzeit oder eine andere Gelegenheit Tests anbieten m\u00f6chten,<\/strong> f\u00fchlen sich frei, uns unter der <strong>Telefonnummer 091 444 9311<\/strong> zu kontaktieren und Ort sowie Zeitpunkt f\u00fcr Ihre Testung zu verabreden. In <strong>Absprache mit Ihnen f\u00fchren wir die Tests f\u00fcr Sie durch.<\/strong> <br \/>F\u00fcr weitere Informationen k\u00f6nnen Sie uns gerne kontaktieren.<\/p><p style=\"text-align: center;\"><strong>Um getestet werden zu k\u00f6nnen, ist es notwendig, am Tag der Testung ein Testformular auszuf\u00fcllen.<\/strong><\/p>\t\t\t\t\t\t\t\t<\/div>\n\t\t\t\t<\/div>\n\t\t\t\t<div class=\"elementor-element elementor-element-4d21368 elementor-widget elementor-widget-spacer\" data-id=\"4d21368\" data-element_type=\"widget\" data-widget_type=\"spacer.default\">\n\t\t\t\t<div class=\"elementor-widget-container\">\n\t\t\t\t\t\t\t<div class=\"elementor-spacer\">\n\t\t\t<div class=\"elementor-spacer-inner\"><\/div>\n\t\t<\/div>\n\t\t\t\t\t\t<\/div>\n\t\t\t\t<\/div>\n\t\t\t\t\t<\/div>\n\t\t<\/div>\n\t\t\t\t\t<\/div>\n\t\t<\/section>\n\t\t\t\t<section class=\"elementor-section elementor-top-section elementor-element elementor-element-67355d1 elementor-section-boxed elementor-section-height-default elementor-section-height-default\" data-id=\"67355d1\" data-element_type=\"section\">\n\t\t\t\t\t\t<div class=\"elementor-container elementor-column-gap-default\">\n\t\t\t\t\t<div class=\"elementor-column elementor-col-50 elementor-top-column elementor-element elementor-element-3bcdca5\" data-id=\"3bcdca5\" data-element_type=\"column\">\n\t\t\t<div class=\"elementor-widget-wrap elementor-element-populated\">\n\t\t\t\t\t\t<div class=\"elementor-element elementor-element-53f767a elementor-widget elementor-widget-image\" data-id=\"53f767a\" data-element_type=\"widget\" data-widget_type=\"image.default\">\n\t\t\t\t<div class=\"elementor-widget-container\">\n\t\t\t\t\t\t\t\t\t\t\t\t\t\t\t<img fetchpriority=\"high\" decoding=\"async\" width=\"800\" height=\"600\" src=\"https:\/\/mdci.dental\/de\/wp-content\/uploads\/sites\/5\/2021\/10\/covid-potvrda.jpg\" class=\"attachment-large size-large wp-image-1695\" alt=\"\" srcset=\"https:\/\/mdci.dental\/de\/wp-content\/uploads\/sites\/5\/2021\/10\/covid-potvrda.jpg 800w, https:\/\/mdci.dental\/de\/wp-content\/uploads\/sites\/5\/2021\/10\/covid-potvrda-300x225.jpg 300w, https:\/\/mdci.dental\/de\/wp-content\/uploads\/sites\/5\/2021\/10\/covid-potvrda-768x576.jpg 768w\" sizes=\"(max-width: 800px) 100vw, 800px\" \/>\t\t\t\t\t\t\t\t\t\t\t\t\t\t\t<\/div>\n\t\t\t\t<\/div>\n\t\t\t\t\t<\/div>\n\t\t<\/div>\n\t\t\t\t<div class=\"elementor-column elementor-col-50 elementor-top-column elementor-element elementor-element-c83c252\" data-id=\"c83c252\" data-element_type=\"column\">\n\t\t\t<div class=\"elementor-widget-wrap elementor-element-populated\">\n\t\t\t\t\t\t<div class=\"elementor-element elementor-element-57f39d6 elementor-widget elementor-widget-text-editor\" data-id=\"57f39d6\" data-element_type=\"widget\" data-widget_type=\"text-editor.default\">\n\t\t\t\t<div class=\"elementor-widget-container\">\n\t\t\t\t\t\t\t\t\t<p>Bitte klicken Sie am Testtag auf das Testformular und geben Sie hier Ihre Daten ein.<\/p>\t\t\t\t\t\t\t\t<\/div>\n\t\t\t\t<\/div>\n\t\t\t\t<div class=\"elementor-element elementor-element-a5367f5 elementor-widget elementor-widget-button\" data-id=\"a5367f5\" data-element_type=\"widget\" data-widget_type=\"button.default\">\n\t\t\t\t<div class=\"elementor-widget-container\">\n\t\t\t\t\t\t\t\t\t<div class=\"elementor-button-wrapper\">\n\t\t\t\t\t<a class=\"elementor-button elementor-button-link elementor-size-lg\" href=\"https:\/\/rebrand.ly\/e77sff5\">\n\t\t\t\t\t\t<span class=\"elementor-button-content-wrapper\">\n\t\t\t\t\t\t\t\t\t<span class=\"elementor-button-text\">ANTIGEN-TESTANWENDUNG<\/span>\n\t\t\t\t\t<\/span>\n\t\t\t\t\t<\/a>\n\t\t\t\t<\/div>\n\t\t\t\t\t\t\t\t<\/div>\n\t\t\t\t<\/div>\n\t\t\t\t<div class=\"elementor-element elementor-element-c123753 elementor-widget elementor-widget-button\" data-id=\"c123753\" data-element_type=\"widget\" data-widget_type=\"button.default\">\n\t\t\t\t<div class=\"elementor-widget-container\">\n\t\t\t\t\t\t\t\t\t<div class=\"elementor-button-wrapper\">\n\t\t\t\t\t<a class=\"elementor-button elementor-button-link elementor-size-lg\" href=\"https:\/\/rebrand.ly\/0edwiwm\">\n\t\t\t\t\t\t<span class=\"elementor-button-content-wrapper\">\n\t\t\t\t\t\t\t\t\t<span class=\"elementor-button-text\">PCR-TESTANWENDUNG<\/span>\n\t\t\t\t\t<\/span>\n\t\t\t\t\t<\/a>\n\t\t\t\t<\/div>\n\t\t\t\t\t\t\t\t<\/div>\n\t\t\t\t<\/div>\n\t\t\t\t<div class=\"elementor-element elementor-element-da529e6 elementor-widget elementor-widget-text-editor\" data-id=\"da529e6\" data-element_type=\"widget\" data-widget_type=\"text-editor.default\">\n\t\t\t\t<div class=\"elementor-widget-container\">\n\t\t\t\t\t\t\t\t\t<p><strong>Der Covid-19-Pass<\/strong> wird Ihnen nach dem Test per E-Mail zugesendet.<\/p>\t\t\t\t\t\t\t\t<\/div>\n\t\t\t\t<\/div>\n\t\t\t\t\t<\/div>\n\t\t<\/div>\n\t\t\t\t\t<\/div>\n\t\t<\/section>\n\t\t\t\t<section class=\"elementor-section elementor-top-section elementor-element elementor-element-7338fbb elementor-section-boxed elementor-section-height-default elementor-section-height-default\" data-id=\"7338fbb\" data-element_type=\"section\">\n\t\t\t\t\t\t<div class=\"elementor-container elementor-column-gap-default\">\n\t\t\t\t\t<div class=\"elementor-column elementor-col-100 elementor-top-column elementor-element elementor-element-a379df2\" data-id=\"a379df2\" data-element_type=\"column\">\n\t\t\t<div class=\"elementor-widget-wrap elementor-element-populated\">\n\t\t\t\t\t\t<div class=\"elementor-element elementor-element-b74743a elementor-widget elementor-widget-spacer\" data-id=\"b74743a\" data-element_type=\"widget\" data-widget_type=\"spacer.default\">\n\t\t\t\t<div class=\"elementor-widget-container\">\n\t\t\t\t\t\t\t<div class=\"elementor-spacer\">\n\t\t\t<div class=\"elementor-spacer-inner\"><\/div>\n\t\t<\/div>\n\t\t\t\t\t\t<\/div>\n\t\t\t\t<\/div>\n\t\t\t\t<div class=\"elementor-element elementor-element-4dea1d3 elementor-widget elementor-widget-text-editor\" data-id=\"4dea1d3\" data-element_type=\"widget\" data-widget_type=\"text-editor.default\">\n\t\t\t\t<div class=\"elementor-widget-container\">\n\t\t\t\t\t\t\t\t\t<p style=\"text-align: center;\"><strong>MDC Investicije doo ist nicht verantwortlich f\u00fcr<\/strong> ungenaue, unvollst\u00e4ndige oder falsch eingegebene Daten.<\/p><p style=\"text-align: center;\"><strong>Mit dem Ausf\u00fcllen des Formulars erkl\u00e4ren Sie sich damit einverstanden,<\/strong> dass Ihre personenbezogenen Daten gem\u00e4\u00df der Datenschutzgrundverordnung (DSGVO) nur zum Zweck der Pr\u00fcfung von Sars-CoV-2 und der Ausstellung des entsprechenden Zertifikats verarbeitet werden.<\/p>\t\t\t\t\t\t\t\t<\/div>\n\t\t\t\t<\/div>\n\t\t\t\t\t<\/div>\n\t\t<\/div>\n\t\t\t\t\t<\/div>\n\t\t<\/section>\n\t\t\t\t<\/div>\n\t\t","protected":false},"excerpt":{"rendered":"<p>COVID 19 Testzentrum Liebe Patienten des Matell Dental Center aus Vodice,sowie alle B\u00fcrger, die einen COVID-19 Pass oder eine PCR-Bescheinigung ben\u00f6tigen. Sie k\u00f6nnen sich an folgenden Tagen auf COVID testen lassen: Montag 8-20hDienstag 15-20hMittwoch 8-20hDonnerstag 15-20hFreitag 8-20hSamstag 8-13h und dienstags, donnerstags und freitags von 8 bis 13 Uhr (PCR-Test). \u00a0Wenn Sie als Veranstalter f\u00fcr eine [&hellip;]<\/p>\n","protected":false},"author":3,"featured_media":0,"parent":0,"menu_order":0,"comment_status":"closed","ping_status":"closed","template":"","meta":{"site-sidebar-layout":"no-sidebar","site-content-layout":"page-builder","ast-site-content-layout":"default","site-content-style":"default","site-sidebar-style":"default","ast-global-header-display":"","ast-banner-title-visibility":"","ast-main-header-display":"","ast-hfb-above-header-display":"","ast-hfb-below-header-display":"","ast-hfb-mobile-header-display":"","site-post-title":"disabled","ast-breadcrumbs-content":"","ast-featured-img":"disabled","footer-sml-layout":"","ast-disable-related-posts":"","theme-transparent-header-meta":"","adv-header-id-meta":"","stick-header-meta":"","header-above-stick-meta":"","header-main-stick-meta":"","header-below-stick-meta":"","astra-migrate-meta-layouts":"default","ast-page-background-enabled":"default","ast-page-background-meta":{"desktop":{"background-color":"","background-image":"","background-repeat":"repeat","background-position":"center center","background-size":"auto","background-attachment":"scroll","background-type":"","background-media":"","overlay-type":"","overlay-color":"","overlay-opacity":"","overlay-gradient":""},"tablet":{"background-color":"","background-image":"","background-repeat":"repeat","background-position":"center center","background-size":"auto","background-attachment":"scroll","background-type":"","background-media":"","overlay-type":"","overlay-color":"","overlay-opacity":"","overlay-gradient":""},"mobile":{"background-color":"","background-image":"","background-repeat":"repeat","background-position":"center center","background-size":"auto","background-attachment":"scroll","background-type":"","background-media":"","overlay-type":"","overlay-color":"","overlay-opacity":"","overlay-gradient":""}},"ast-content-background-meta":{"desktop":{"background-color":"var(--ast-global-color-5)","background-image":"","background-repeat":"repeat","background-position":"center center","background-size":"auto","background-attachment":"scroll","background-type":"","background-media":"","overlay-type":"","overlay-color":"","overlay-opacity":"","overlay-gradient":""},"tablet":{"background-color":"var(--ast-global-color-5)","background-image":"","background-repeat":"repeat","background-position":"center center","background-size":"auto","background-attachment":"scroll","background-type":"","background-media":"","overlay-type":"","overlay-color":"","overlay-opacity":"","overlay-gradient":""},"mobile":{"background-color":"var(--ast-global-color-5)","background-image":"","background-repeat":"repeat","background-position":"center center","background-size":"auto","background-attachment":"scroll","background-type":"","background-media":"","overlay-type":"","overlay-color":"","overlay-opacity":"","overlay-gradient":""}},"footnotes":""},"yoast_head":"<!-- This site is optimized with the Yoast SEO plugin v23.5 - https:\/\/yoast.com\/wordpress\/plugins\/seo\/ -->\n<title>Testzentrum - MDCI Deutsch<\/title>\n<meta name=\"robots\" content=\"index, follow, max-snippet:-1, max-image-preview:large, max-video-preview:-1\" \/>\n<link rel=\"canonical\" href=\"https:\/\/mdci.dental\/de\/testzentrum\/\" \/>\n<meta property=\"og:locale\" content=\"en_US\" \/>\n<meta property=\"og:type\" content=\"article\" \/>\n<meta property=\"og:title\" content=\"Testzentrum - MDCI Deutsch\" \/>\n<meta property=\"og:description\" content=\"COVID 19 Testzentrum Liebe Patienten des Matell Dental Center aus Vodice,sowie alle B\u00fcrger, die einen COVID-19 Pass oder eine PCR-Bescheinigung ben\u00f6tigen. Sie k\u00f6nnen sich an folgenden Tagen auf COVID testen lassen: Montag 8-20hDienstag 15-20hMittwoch 8-20hDonnerstag 15-20hFreitag 8-20hSamstag 8-13h und dienstags, donnerstags und freitags von 8 bis 13 Uhr (PCR-Test). \u00a0Wenn Sie als Veranstalter f\u00fcr eine [&hellip;]\" \/>\n<meta property=\"og:url\" content=\"https:\/\/mdci.dental\/de\/testzentrum\/\" \/>\n<meta property=\"og:site_name\" content=\"MDCI Deutsch\" \/>\n<meta property=\"article:modified_time\" content=\"2023-04-05T10:22:28+00:00\" \/>\n<meta property=\"og:image\" content=\"https:\/\/mdci.dental\/de\/wp-content\/uploads\/sites\/5\/2021\/10\/covid-potvrda.jpg\" \/>\n<meta name=\"twitter:card\" content=\"summary_large_image\" \/>\n<meta name=\"twitter:label1\" content=\"Est. reading time\" \/>\n\t<meta name=\"twitter:data1\" content=\"2 minutes\" \/>\n<script type=\"application\/ld+json\" class=\"yoast-schema-graph\">{\"@context\":\"https:\/\/schema.org\",\"@graph\":[{\"@type\":\"WebPage\",\"@id\":\"https:\/\/mdci.dental\/de\/testzentrum\/\",\"url\":\"https:\/\/mdci.dental\/de\/testzentrum\/\",\"name\":\"Testzentrum - MDCI Deutsch\",\"isPartOf\":{\"@id\":\"https:\/\/mdci.dental\/de\/#website\"},\"primaryImageOfPage\":{\"@id\":\"https:\/\/mdci.dental\/de\/testzentrum\/#primaryimage\"},\"image\":{\"@id\":\"https:\/\/mdci.dental\/de\/testzentrum\/#primaryimage\"},\"thumbnailUrl\":\"https:\/\/mdci.dental\/de\/wp-content\/uploads\/sites\/5\/2021\/10\/covid-potvrda.jpg\",\"datePublished\":\"2021-10-22T19:22:14+00:00\",\"dateModified\":\"2023-04-05T10:22:28+00:00\",\"breadcrumb\":{\"@id\":\"https:\/\/mdci.dental\/de\/testzentrum\/#breadcrumb\"},\"inLanguage\":\"en-US\",\"potentialAction\":[{\"@type\":\"ReadAction\",\"target\":[\"https:\/\/mdci.dental\/de\/testzentrum\/\"]}]},{\"@type\":\"ImageObject\",\"inLanguage\":\"en-US\",\"@id\":\"https:\/\/mdci.dental\/de\/testzentrum\/#primaryimage\",\"url\":\"https:\/\/mdci.dental\/de\/wp-content\/uploads\/sites\/5\/2021\/10\/covid-potvrda.jpg\",\"contentUrl\":\"https:\/\/mdci.dental\/de\/wp-content\/uploads\/sites\/5\/2021\/10\/covid-potvrda.jpg\",\"width\":800,\"height\":600},{\"@type\":\"BreadcrumbList\",\"@id\":\"https:\/\/mdci.dental\/de\/testzentrum\/#breadcrumb\",\"itemListElement\":[{\"@type\":\"ListItem\",\"position\":1,\"name\":\"Home\",\"item\":\"https:\/\/mdci.dental\/de\/\"},{\"@type\":\"ListItem\",\"position\":2,\"name\":\"Testzentrum\"}]},{\"@type\":\"WebSite\",\"@id\":\"https:\/\/mdci.dental\/de\/#website\",\"url\":\"https:\/\/mdci.dental\/de\/\",\"name\":\"MDCI Deutsch\",\"description\":\"Matell Medical Dental Centar\",\"publisher\":{\"@id\":\"https:\/\/mdci.dental\/de\/#organization\"},\"potentialAction\":[{\"@type\":\"SearchAction\",\"target\":{\"@type\":\"EntryPoint\",\"urlTemplate\":\"https:\/\/mdci.dental\/de\/?s={search_term_string}\"},\"query-input\":{\"@type\":\"PropertyValueSpecification\",\"valueRequired\":true,\"valueName\":\"search_term_string\"}}],\"inLanguage\":\"en-US\"},{\"@type\":\"Organization\",\"@id\":\"https:\/\/mdci.dental\/de\/#organization\",\"name\":\"MDCI Deutsch\",\"url\":\"https:\/\/mdci.dental\/de\/\",\"logo\":{\"@type\":\"ImageObject\",\"inLanguage\":\"en-US\",\"@id\":\"https:\/\/mdci.dental\/de\/#\/schema\/logo\/image\/\",\"url\":\"https:\/\/mdci.dental\/de\/wp-content\/uploads\/sites\/5\/2019\/05\/cropped-logo-1.png\",\"contentUrl\":\"https:\/\/mdci.dental\/de\/wp-content\/uploads\/sites\/5\/2019\/05\/cropped-logo-1.png\",\"width\":161,\"height\":99,\"caption\":\"MDCI Deutsch\"},\"image\":{\"@id\":\"https:\/\/mdci.dental\/de\/#\/schema\/logo\/image\/\"}}]}<\/script>\n<!-- \/ Yoast SEO plugin. -->","yoast_head_json":{"title":"Testzentrum - MDCI Deutsch","robots":{"index":"index","follow":"follow","max-snippet":"max-snippet:-1","max-image-preview":"max-image-preview:large","max-video-preview":"max-video-preview:-1"},"canonical":"https:\/\/mdci.dental\/de\/testzentrum\/","og_locale":"en_US","og_type":"article","og_title":"Testzentrum - MDCI Deutsch","og_description":"COVID 19 Testzentrum Liebe Patienten des Matell Dental Center aus Vodice,sowie alle B\u00fcrger, die einen COVID-19 Pass oder eine PCR-Bescheinigung ben\u00f6tigen. Sie k\u00f6nnen sich an folgenden Tagen auf COVID testen lassen: Montag 8-20hDienstag 15-20hMittwoch 8-20hDonnerstag 15-20hFreitag 8-20hSamstag 8-13h und dienstags, donnerstags und freitags von 8 bis 13 Uhr (PCR-Test). \u00a0Wenn Sie als Veranstalter f\u00fcr eine [&hellip;]","og_url":"https:\/\/mdci.dental\/de\/testzentrum\/","og_site_name":"MDCI Deutsch","article_modified_time":"2023-04-05T10:22:28+00:00","og_image":[{"url":"https:\/\/mdci.dental\/de\/wp-content\/uploads\/sites\/5\/2021\/10\/covid-potvrda.jpg"}],"twitter_card":"summary_large_image","twitter_misc":{"Est. reading time":"2 minutes"},"schema":{"@context":"https:\/\/schema.org","@graph":[{"@type":"WebPage","@id":"https:\/\/mdci.dental\/de\/testzentrum\/","url":"https:\/\/mdci.dental\/de\/testzentrum\/","name":"Testzentrum - MDCI Deutsch","isPartOf":{"@id":"https:\/\/mdci.dental\/de\/#website"},"primaryImageOfPage":{"@id":"https:\/\/mdci.dental\/de\/testzentrum\/#primaryimage"},"image":{"@id":"https:\/\/mdci.dental\/de\/testzentrum\/#primaryimage"},"thumbnailUrl":"https:\/\/mdci.dental\/de\/wp-content\/uploads\/sites\/5\/2021\/10\/covid-potvrda.jpg","datePublished":"2021-10-22T19:22:14+00:00","dateModified":"2023-04-05T10:22:28+00:00","breadcrumb":{"@id":"https:\/\/mdci.dental\/de\/testzentrum\/#breadcrumb"},"inLanguage":"en-US","potentialAction":[{"@type":"ReadAction","target":["https:\/\/mdci.dental\/de\/testzentrum\/"]}]},{"@type":"ImageObject","inLanguage":"en-US","@id":"https:\/\/mdci.dental\/de\/testzentrum\/#primaryimage","url":"https:\/\/mdci.dental\/de\/wp-content\/uploads\/sites\/5\/2021\/10\/covid-potvrda.jpg","contentUrl":"https:\/\/mdci.dental\/de\/wp-content\/uploads\/sites\/5\/2021\/10\/covid-potvrda.jpg","width":800,"height":600},{"@type":"BreadcrumbList","@id":"https:\/\/mdci.dental\/de\/testzentrum\/#breadcrumb","itemListElement":[{"@type":"ListItem","position":1,"name":"Home","item":"https:\/\/mdci.dental\/de\/"},{"@type":"ListItem","position":2,"name":"Testzentrum"}]},{"@type":"WebSite","@id":"https:\/\/mdci.dental\/de\/#website","url":"https:\/\/mdci.dental\/de\/","name":"MDCI Deutsch","description":"Matell Medical Dental Centar","publisher":{"@id":"https:\/\/mdci.dental\/de\/#organization"},"potentialAction":[{"@type":"SearchAction","target":{"@type":"EntryPoint","urlTemplate":"https:\/\/mdci.dental\/de\/?s={search_term_string}"},"query-input":{"@type":"PropertyValueSpecification","valueRequired":true,"valueName":"search_term_string"}}],"inLanguage":"en-US"},{"@type":"Organization","@id":"https:\/\/mdci.dental\/de\/#organization","name":"MDCI Deutsch","url":"https:\/\/mdci.dental\/de\/","logo":{"@type":"ImageObject","inLanguage":"en-US","@id":"https:\/\/mdci.dental\/de\/#\/schema\/logo\/image\/","url":"https:\/\/mdci.dental\/de\/wp-content\/uploads\/sites\/5\/2019\/05\/cropped-logo-1.png","contentUrl":"https:\/\/mdci.dental\/de\/wp-content\/uploads\/sites\/5\/2019\/05\/cropped-logo-1.png","width":161,"height":99,"caption":"MDCI Deutsch"},"image":{"@id":"https:\/\/mdci.dental\/de\/#\/schema\/logo\/image\/"}}]}},"_links":{"self":[{"href":"https:\/\/mdci.dental\/de\/wp-json\/wp\/v2\/pages\/1694"}],"collection":[{"href":"https:\/\/mdci.dental\/de\/wp-json\/wp\/v2\/pages"}],"about":[{"href":"https:\/\/mdci.dental\/de\/wp-json\/wp\/v2\/types\/page"}],"author":[{"embeddable":true,"href":"https:\/\/mdci.dental\/de\/wp-json\/wp\/v2\/users\/3"}],"replies":[{"embeddable":true,"href":"https:\/\/mdci.dental\/de\/wp-json\/wp\/v2\/comments?post=1694"}],"version-history":[{"count":15,"href":"https:\/\/mdci.dental\/de\/wp-json\/wp\/v2\/pages\/1694\/revisions"}],"predecessor-version":[{"id":1732,"href":"https:\/\/mdci.dental\/de\/wp-json\/wp\/v2\/pages\/1694\/revisions\/1732"}],"wp:attachment":[{"href":"https:\/\/mdci.dental\/de\/wp-json\/wp\/v2\/media?parent=1694"}],"curies":[{"name":"wp","href":"https:\/\/api.w.org\/{rel}","templated":true}]}}